{"id":309,"date":"2017-07-31T07:12:10","date_gmt":"2017-07-31T07:12:10","guid":{"rendered":"http:\/\/madore.flip-marketing.ca\/?page_id=309"},"modified":"2022-10-26T07:43:51","modified_gmt":"2022-10-26T11:43:51","slug":"accueil","status":"publish","type":"page","link":"https:\/\/arpentagemadore.ca\/fr\/","title":{"rendered":"Accueil"},"content":{"rendered":"<section class=\"wpb-content-wrapper\"><p>[vc_row][vc_column][rev_slider_vc alias=\u00a0\u00bbAccueil\u00a0\u00bb el_class=\u00a0\u00bbmg-bottom-0&Prime;][\/vc_column][\/vc_row][vc_row bg_overlay_mode=\u00a0\u00bbcolor\u00a0\u00bb bg_overlay_color=\u00a0\u00bbrgba(252,252,252,0.95)\u00a0\u00bb css=\u00a0\u00bb.vc_custom_1502071736066{background-image: url(http:\/\/arpentagemadore.ca\/wp-content\/uploads\/2017\/08\/bg-counter-1.jpg?id=481) !important;background-position: center !important;background-repeat: no-repeat !important;background-size: cover !important;}\u00a0\u00bb][vc_column][gsf_space desktop=\u00a0\u00bb100&Prime; tablet=\u00a0\u00bb80&Prime; tablet_portrait=\u00a0\u00bb70&Prime; mobile_landscape=\u00a0\u00bb60&Prime; mobile=\u00a0\u00bb60&Prime;][\/vc_column][vc_column width=\u00a0\u00bb1\/3&Prime; offset=\u00a0\u00bbvc_col-md-offset-1&Prime;][vc_column_text]<\/p>\n<h1 class=\"gsf-accent-text fs-60 mg-top-0 mg-bottom-0\" style=\"line-height: 1;\">50<\/h1>\n<h5 class=\"gsf-accent-text fs-16 fw-normal mg-top-0 mg-bottom-0\">Ann\u00e9es d&rsquo;exp\u00e9rience<\/h5>\n<h4 class=\"primary-font fs-40\" style=\"line-height: 1.125; margin-top: 13px; letter-spacing: 0.02em;\">Expertise, <span class=\"fw-light\">Rigueur &amp; efficacit\u00e9<\/span><\/h4>\n<p>[\/vc_column_text][\/vc_column][vc_column width=\u00a0\u00bb7\/12&Prime; offset=\u00a0\u00bbvc_col-md-6&Prime;][vc_column_text el_class=\u00a0\u00bb\u00a0\u00bb css=\u00a0\u00bb.vc_custom_1666784464585{margin-bottom: 45px !important;}\u00a0\u00bb]<\/p>\n<p class=\"bodytext\"><span style=\"font-weight: 400;\">Yves Madore Arpenteur-G\u00e9om\u00e8tre \u00e0 Saint-Jean-sur-Richelieu est une \u00e9tude sp\u00e9cialis\u00e9e en arpentage l\u00e9gal partout dans le Haut-Richelieu et les alentours. \u00c0 savoir qu\u2019une \u00e9quipe chevronn\u00e9e de 15 professionnels cumulent plus de 50 ans d\u2019exp\u00e9rience. C\u2019est pourquoi, ensemble, ils apportent \u00e0 leur client\u00e8le r\u00e9sidentielle, commerciale et industrielle des <\/span><a href=\"https:\/\/arpentagemadore.ca\/services\"><span style=\"font-weight: 400;\">services professionnels<\/span><\/a><span style=\"font-weight: 400;\"> accompagn\u00e9s de solutions efficaces.<\/span><\/p>\n<h2>Arpenteur-G\u00e9om\u00e8tre expert dans le Haut-Richelieu<\/h2>\n<p><span style=\"font-weight: 400;\">Dans tous les cas, c\u2019est un partenaire de confiance en construction et en arpentage. Somme toute, l\u2019\u00e9quipe d\u2019Yves Madore Arpenteur-G\u00e9om\u00e8tre \u00e0 Saint-Jean-sur-Richelieu proc\u00e8de avec minutie pour garantir votre enti\u00e8re satisfaction. Que ce soit non seulement pour effectuer l\u2019op\u00e9ration cadastrale de votre condo mais aussi pour le lotissement de votre terrain commercial.<\/span>[\/vc_column_text][vc_column_text css=\u00a0\u00bb.vc_custom_1666783908536{margin-bottom: 45px !important;}\u00a0\u00bb]<\/p>\n<p class=\"bodytext\">Finalement, l&rsquo;\u00e9tude d\u2019Yves Madore est cessionnaire des greffes de Laurent V\u00e9ronneau et de Charles Godin. En fin, il y a deux fa\u00e7ons pour obtenir plus d\u2019informations sur notre savoir-faire et notre expertise \u00e0 St-Jean comme arpenteur-g\u00e9om\u00e8tre. Tout d&rsquo;abord vous pouvez nous \u00e9crire par courriel \u00e0 : <a href=\"mailto:arpentage@madoreag.com\">arpentage@madoreag.com<\/a> <i class=\"dashicons dashicons-email-alt\"><\/i> ou bien nous contacter par t\u00e9l\u00e9phone au <a href=\"tel:+1-450-347-6345\">(450)347-6345<\/a>. <i class=\"dashicons dashicons-smartphone\"><\/i><\/p>\n<p>[\/vc_column_text][\/vc_column][vc_column][gsf_space desktop=\u00a0\u00bb71&Prime; tablet=\u00a0\u00bb50&Prime; tablet_portrait=\u00a0\u00bb40&Prime; mobile_landscape=\u00a0\u00bb30&Prime; mobile=\u00a0\u00bb30&Prime;][\/vc_column][vc_column][vc_row_inner][vc_column_inner width=\u00a0\u00bb1\/2&Prime; offset=\u00a0\u00bbvc_col-md-3&Prime;][gsf_counter icon_font=\u00a0\u00bbflaticon-broker\u00a0\u00bb end=\u00a0\u00bb15&Prime; decimals=\u00a0\u00bb\u00a0\u00bb separator=\u00a0\u00bb\u00a0\u00bb decimal=\u00a0\u00bb\u00a0\u00bb suffix=\u00a0\u00bbk\u00a0\u00bb title=\u00a0\u00bbClients satisfaits\u00a0\u00bb][\/vc_column_inner][vc_column_inner el_class=\u00a0\u00bbxs-mg-top-20&Prime; width=\u00a0\u00bb1\/2&Prime; offset=\u00a0\u00bbvc_col-md-3&Prime;][gsf_counter icon_font=\u00a0\u00bbflaticon-house-10&Prime; end=\u00a0\u00bb50&Prime; separator=\u00a0\u00bb\u00a0\u00bb decimal=\u00a0\u00bb\u00a0\u00bb title=\u00a0\u00bbAnn\u00e9es d&rsquo;exp\u00e9rience\u00a0\u00bb][\/vc_column_inner][vc_column_inner el_class=\u00a0\u00bbxs-mg-top-20,sm-mg-top-30&Prime; width=\u00a0\u00bb1\/2&Prime; offset=\u00a0\u00bbvc_col-md-3&Prime;][gsf_counter icon_font=\u00a0\u00bbflaticon-engineer-1&Prime; end=\u00a0\u00bb15&Prime; separator=\u00a0\u00bb\u00a0\u00bb decimal=\u00a0\u00bb\u00a0\u00bb suffix=\u00a0\u00bb+\u00a0\u00bb title=\u00a0\u00bbEmploy\u00e9s d\u00e9di\u00e9s\u00a0\u00bb][\/vc_column_inner][vc_column_inner el_class=\u00a0\u00bbxs-mg-top-20,sm-mg-top-30&Prime; width=\u00a0\u00bb1\/2&Prime; offset=\u00a0\u00bbvc_col-md-3&Prime;][gsf_counter icon_font=\u00a0\u00bbflaticon-helmet-1&Prime; end=\u00a0\u00bb50&Prime; separator=\u00a0\u00bb\u00a0\u00bb decimal=\u00a0\u00bb\u00a0\u00bb suffix=\u00a0\u00bb+\u00a0\u00bb title=\u00a0\u00bbProjets compl\u00e9t\u00e9s\u00a0\u00bb][\/vc_column_inner][\/vc_row_inner][\/vc_column][vc_column][gsf_space desktop=\u00a0\u00bb100&Prime; tablet=\u00a0\u00bb80&Prime; tablet_portrait=\u00a0\u00bb70&Prime; mobile_landscape=\u00a0\u00bb60&Prime; mobile=\u00a0\u00bb60&Prime;][\/vc_column][\/vc_row][vc_row][vc_column][gsf_space desktop=\u00a0\u00bb100&Prime; tablet=\u00a0\u00bb80&Prime; tablet_portrait=\u00a0\u00bb70&Prime; mobile_landscape=\u00a0\u00bb60&Prime; mobile=\u00a0\u00bb60&Prime;][\/vc_column][vc_column css=\u00a0\u00bb.vc_custom_1501814696756{margin-bottom: 40px !important;}\u00a0\u00bb][gsf_heading sub_title=\u00a0\u00bbL&rsquo;\u00e9tude Yves Madore Arpenteur-G\u00e9om\u00e8tre\u00a0\u00bb local_subtitle=\u00a0\u00bbsubtitle-bottom\u00a0\u00bb text_align=\u00a0\u00bbtext-center\u00a0\u00bb]<span style=\"text-transform: uppercase;\"><b>Nos services<\/b><\/span>[\/gsf_heading][\/vc_column][vc_column][gsf_slider_container nav=\u00a0\u00bb\u00a0\u00bb autoplay=\u00a0\u00bbon\u00a0\u00bb columns=\u00a0\u00bb3&Prime; columns_md=\u00a0\u00bb3&Prime; columns_sm=\u00a0\u00bb2&Prime; columns_xs=\u00a0\u00bb1&Prime; columns_mb=\u00a0\u00bb1&Prime;][gsf_feature_box image=\u00a0\u00bb2367&Prime; text_align=\u00a0\u00bbtext-left\u00a0\u00bb link=\u00a0\u00bburl:http%3A%2F%2Farpentagemadore.ca%2Four-service%2Fcertificat-de-localisation%2F|||\u00a0\u00bb feature_images=\u00a0\u00bb108&Prime; title=\u00a0\u00bbCertificat de Localisation\u00a0\u00bb]<\/p>\n<p class=\"bodytext\">Le certificat de localisation est un document comportant un rapport et un plan dans lequel l\u2019arpenteur-g\u00e9om\u00e8tre exprime son opinion professionnelle sur la situation et la condition actuelles d\u2019une propri\u00e9t\u00e9. Il d\u00e9crit, entre autres, les titres de propri\u00e9t\u00e9, les informations cadastrales, les lois et r\u00e8glements qui la concerne<\/p>\n<p>[\/gsf_feature_box][gsf_feature_box image=\u00a0\u00bb2358&Prime; text_align=\u00a0\u00bbtext-left\u00a0\u00bb link=\u00a0\u00bb|||\u00a0\u00bb feature_images=\u00a0\u00bb127&Prime; title=\u00a0\u00bbPiquetage\u00a0\u00bb]<\/p>\n<p class=\"bodytext\">Le piquetage consiste en la pose de rep\u00e8res servant \u00e0 indiquer, selon l\u2019opinion de l\u2019arpenteur-g\u00e9om\u00e8tre, les limites d\u2019un terrain. \u00c0 la pose des rep\u00e8res s\u2019en suit la production d\u2019un certificat de piquetage qui d\u00e9crit l\u2019emplacement des rep\u00e8res, habituellement, sous forme de plan.<\/p>\n<p>[\/gsf_feature_box][gsf_feature_box image=\u00a0\u00bb2360&Prime; text_align=\u00a0\u00bbtext-left\u00a0\u00bb link=\u00a0\u00bburl:%23|||\u00a0\u00bb feature_images=\u00a0\u00bb417&Prime; title=\u00a0\u00bbBornage\u00a0\u00bb]Le bornage est une op\u00e9ration d\u2019arpentage qui sert \u00e0 \u00e9tablir de mani\u00e8re permanente une ou des limites de propri\u00e9t\u00e9s. Lors d\u2019un bornage, les propri\u00e9taires des propri\u00e9t\u00e9s contigu\u00ebs pour lesquelles l\u2019arpenteur-\u00a0g\u00e9om\u00e8tre doit \u00e9tablir la ou les limites doivent intervenir. Les propri\u00e9taires choisissent habituellement de proc\u00e9der au bornage lorsqu\u2019il y a litige[\/gsf_feature_box][\/gsf_slider_container][gsf_space desktop=\u00a0\u00bb92&Prime; tablet=\u00a0\u00bb70&Prime; tablet_portrait=\u00a0\u00bb60&Prime; mobile_landscape=\u00a0\u00bb50&Prime; mobile=\u00a0\u00bb50&Prime;][\/vc_column][\/vc_row][vc_row color_skin=\u00a0\u00bbskin-dark\u00a0\u00bb parallax=\u00a0\u00bbcontent-moving\u00a0\u00bb bg_overlay_mode=\u00a0\u00bbcolor\u00a0\u00bb bg_overlay_color=\u00a0\u00bbrgba(0,0,0,0.8)\u00a0\u00bb css=\u00a0\u00bb.vc_custom_1504144275494{background-image: url(http:\/\/arpentagemadore.ca\/wp-content\/uploads\/2017\/08\/bg-iconbox-1.jpg?id=326) !important;background-position: center;background-repeat: no-repeat;background-size:cover;}\u00a0\u00bb][vc_column][gsf_space desktop=\u00a0\u00bb90&Prime; tablet=\u00a0\u00bb70&Prime; tablet_portrait=\u00a0\u00bb60&Prime; mobile_landscape=\u00a0\u00bb60&Prime; mobile=\u00a0\u00bb60&Prime;][gsf_heading sub_title=\u00a0\u00bbYves Madore\u00a0\u00bb local_subtitle=\u00a0\u00bbsubtitle-bottom\u00a0\u00bb text_align=\u00a0\u00bbtext-center\u00a0\u00bb title=\u00a0\u00bbCertificates of RubyBuild\u00a0\u00bb]<span style=\"text-transform: uppercase;\"><b>La r\u00e9f\u00e9rence peu importe votre besoin<\/b><\/span>[\/gsf_heading][gsf_slider_container nav=\u00a0\u00bb\u00a0\u00bb columns=\u00a0\u00bb4&Prime; columns_md=\u00a0\u00bb3&Prime; columns_sm=\u00a0\u00bb2&Prime; columns_xs=\u00a0\u00bb1&Prime; columns_mb=\u00a0\u00bb1&Prime; css=\u00a0\u00bb.vc_custom_1507520963637{margin-top: 50px !important;}\u00a0\u00bb][gsf_icon_box icon_font=\u00a0\u00bbflaticon-house-6&Prime; title=\u00a0\u00bbArpentage r\u00e9sidentiel\u00a0\u00bb box_shadow_hover=\u00a0\u00bbtrue\u00a0\u00bb link=\u00a0\u00bburl:%23|||\u00a0\u00bb][gsf_icon_box icon_font=\u00a0\u00bbflaticon-building\u00a0\u00bb title=\u00a0\u00bbArpentage commercial\u00a0\u00bb box_shadow_hover=\u00a0\u00bbtrue\u00a0\u00bb link=\u00a0\u00bburl:%23|||\u00a0\u00bb][gsf_icon_box icon_font=\u00a0\u00bbflaticon-wheelbarrow\u00a0\u00bb title=\u00a0\u00bbArpentage de chantier\u00a0\u00bb box_shadow_hover=\u00a0\u00bbtrue\u00a0\u00bb link=\u00a0\u00bburl:%23|||\u00a0\u00bb][gsf_icon_box icon_font=\u00a0\u00bbflaticon-drawing\u00a0\u00bb title=\u00a0\u00bbArpentage de terrains\u00a0\u00bb box_shadow_hover=\u00a0\u00bbtrue\u00a0\u00bb link=\u00a0\u00bburl:%23|||\u00a0\u00bb][\/gsf_slider_container][gsf_space desktop=\u00a0\u00bb80&Prime; tablet=\u00a0\u00bb70&Prime; tablet_portrait=\u00a0\u00bb60&Prime; mobile_landscape=\u00a0\u00bb50&Prime; mobile=\u00a0\u00bb50&Prime;][gsf_button title=\u00a0\u00bbTous nos services\u00a0\u00bb size=\u00a0\u00bbmd\u00a0\u00bb align=\u00a0\u00bbcenter\u00a0\u00bb link=\u00a0\u00bburl:http%3A%2F%2Farpentagemadore.ca%2Four-service%2F%3Fsidebar_layout%3Dnone|title:Nos%20services||\u00a0\u00bb][gsf_space desktop=\u00a0\u00bb100&Prime; tablet=\u00a0\u00bb70&Prime; tablet_portrait=\u00a0\u00bb60&Prime; mobile_landscape=\u00a0\u00bb60&Prime; mobile=\u00a0\u00bb60&Prime;][\/vc_column][\/vc_row]<\/p>\n<\/section>","protected":false},"excerpt":{"rendered":"<p>[vc_row][vc_column][rev_slider_vc alias=\u00a0\u00bbAccueil\u00a0\u00bb el_class=\u00a0\u00bbmg-bottom-0&Prime;][\/vc_column][\/vc_row][vc_row bg_overlay_mode=\u00a0\u00bbcolor\u00a0\u00bb bg_overlay_color=\u00a0\u00bbrgba(252,252,252,0.95)\u00a0\u00bb css=\u00a0\u00bb.vc_custom_1502071736066{background-image: url(http:\/\/arpentagemadore.ca\/wp-content\/uploads\/2017\/08\/bg-counter-1.jpg?id=481) !important;background-position: center !important;background-repeat: no-repeat !important;background-size: cover !important;}\u00a0\u00bb][vc_column][gsf_space desktop=\u00a0\u00bb100&Prime; tablet=\u00a0\u00bb80&Prime; tablet_portrait=\u00a0\u00bb70&Prime; mobile_landscape=\u00a0\u00bb60&Prime; mobile=\u00a0\u00bb60&Prime;][\/vc_column][vc_column width=\u00a0\u00bb1\/3&Prime; offset=\u00a0\u00bbvc_col-md-offset-1&Prime;][vc_column_text] 50 Ann\u00e9es d&rsquo;exp\u00e9rience Expertise, Rigueur &amp; efficacit\u00e9 [\/vc_column_text][\/vc_column][vc_column width=\u00a0\u00bb7\/12&Prime; offset=\u00a0\u00bbvc_col-md-6&Prime;][vc_column_text el_class=\u00a0\u00bb\u00a0\u00bb css=\u00a0\u00bb.vc_custom_1666784464585{margin-bottom: 45px !important;}\u00a0\u00bb] Yves Madore Arpenteur-G\u00e9om\u00e8tre \u00e0 Saint-Jean-sur-Richelieu est une \u00e9tude sp\u00e9cialis\u00e9e en arpentage l\u00e9gal partout dans le Haut-Richelieu et les alentours. \u00c0 [&hellip;]<\/p>\n","protected":false},"author":1,"featured_media":0,"parent":0,"menu_order":0,"comment_status":"closed","ping_status":"closed","template":"","meta":[],"yst_prominent_words":[141,153,140,143,136,152,137,135,138,142,144],"_links":{"self":[{"href":"https:\/\/arpentagemadore.ca\/fr\/wp-json\/wp\/v2\/pages\/309"}],"collection":[{"href":"https:\/\/arpentagemadore.ca\/fr\/wp-json\/wp\/v2\/pages"}],"about":[{"href":"https:\/\/arpentagemadore.ca\/fr\/wp-json\/wp\/v2\/types\/page"}],"author":[{"embeddable":true,"href":"https:\/\/arpentagemadore.ca\/fr\/wp-json\/wp\/v2\/users\/1"}],"replies":[{"embeddable":true,"href":"https:\/\/arpentagemadore.ca\/fr\/wp-json\/wp\/v2\/comments?post=309"}],"version-history":[{"count":39,"href":"https:\/\/arpentagemadore.ca\/fr\/wp-json\/wp\/v2\/pages\/309\/revisions"}],"predecessor-version":[{"id":2428,"href":"https:\/\/arpentagemadore.ca\/fr\/wp-json\/wp\/v2\/pages\/309\/revisions\/2428"}],"wp:attachment":[{"href":"https:\/\/arpentagemadore.ca\/fr\/wp-json\/wp\/v2\/media?parent=309"}],"wp:term":[{"taxonomy":"yst_prominent_words","embeddable":true,"href":"https:\/\/arpentagemadore.ca\/fr\/wp-json\/wp\/v2\/yst_prominent_words?post=309"}],"curies":[{"name":"wp","href":"https:\/\/api.w.org\/{rel}","templated":true}]}}